{"id":7,"date":"2018-07-11T05:22:08","date_gmt":"2018-07-11T05:22:08","guid":{"rendered":"https:\/\/ehfinmobiliariaoutsourcing.com\/index.php\/contact-us\/"},"modified":"2024-09-13T03:11:11","modified_gmt":"2024-09-13T03:11:11","slug":"contacto","status":"publish","type":"page","link":"https:\/\/ehfinmobiliariaoutsourcing.com\/index.php\/contacto\/","title":{"rendered":"Carreras"},"content":{"rendered":"\t\t<div data-elementor-type=\"wp-post\" data-elementor-id=\"7\" class=\"elementor elementor-7\">\n\t\t\t\t\t\t<section class=\"elementor-section elementor-top-section elementor-element elementor-element-343d028 elementor-section-boxed elementor-section-height-default elementor-section-height-default\" data-id=\"343d028\" data-element_type=\"section\" data-settings=\"{&quot;background_background&quot;:&quot;classic&quot;}\">\n\t\t\t\t\t\t\t<div class=\"elementor-background-overlay\"><\/div>\n\t\t\t\t\t\t\t<div class=\"elementor-container elementor-column-gap-default\">\n\t\t\t\t\t<div class=\"elementor-column elementor-col-100 elementor-top-column elementor-element elementor-element-0c8b7a5 elementor-invisible\" data-id=\"0c8b7a5\" data-element_type=\"column\" data-settings=\"{&quot;animation&quot;:&quot;fadeInDown&quot;}\">\n\t\t\t<div class=\"elementor-widget-wrap elementor-element-populated\">\n\t\t\t\t\t\t<div class=\"elementor-element elementor-element-a331218 elementor-widget elementor-widget-heading\" data-id=\"a331218\" data-element_type=\"widget\" data-widget_type=\"heading.default\">\n\t\t\t\t<div class=\"elementor-widget-container\">\n\t\t\t<style>\/*! elementor - v3.21.0 - 30-04-2024 *\/\n.elementor-heading-title{padding:0;margin:0;line-height:1}.elementor-widget-heading .elementor-heading-title[class*=elementor-size-]>a{color:inherit;font-size:inherit;line-height:inherit}.elementor-widget-heading .elementor-heading-title.elementor-size-small{font-size:15px}.elementor-widget-heading .elementor-heading-title.elementor-size-medium{font-size:19px}.elementor-widget-heading .elementor-heading-title.elementor-size-large{font-size:29px}.elementor-widget-heading .elementor-heading-title.elementor-size-xl{font-size:39px}.elementor-widget-heading .elementor-heading-title.elementor-size-xxl{font-size:59px}<\/style><h1 class=\"elementor-heading-title elementor-size-default\">Carreras<\/h1>\t\t<\/div>\n\t\t\t\t<\/div>\n\t\t\t\t<div class=\"elementor-element elementor-element-7c986a6 elementor-widget-laptop__width-initial elementor-widget elementor-widget-text-editor\" data-id=\"7c986a6\" data-element_type=\"widget\" data-widget_type=\"text-editor.default\">\n\t\t\t\t<div class=\"elementor-widget-container\">\n\t\t\t<style>\/*! elementor - v3.21.0 - 30-04-2024 *\/\n.elementor-widget-text-editor.elementor-drop-cap-view-stacked .elementor-drop-cap{background-color:#69727d;color:#fff}.elementor-widget-text-editor.elementor-drop-cap-view-framed .elementor-drop-cap{color:#69727d;border:3px solid;background-color:transparent}.elementor-widget-text-editor:not(.elementor-drop-cap-view-default) .elementor-drop-cap{margin-top:8px}.elementor-widget-text-editor:not(.elementor-drop-cap-view-default) .elementor-drop-cap-letter{width:1em;height:1em}.elementor-widget-text-editor .elementor-drop-cap{float:left;text-align:center;line-height:1;font-size:50px}.elementor-widget-text-editor .elementor-drop-cap-letter{display:inline-block}<\/style>\t\t\t\t<div class=\"elementor-element elementor-element-03754fc elementor-widget elementor-widget-text-editor\" data-id=\"03754fc\" data-element_type=\"widget\" data-widget_type=\"text-editor.default\"><div class=\"elementor-widget-container\"><p>Nos alegra que est\u00e9 considerando una carrera en EHF te invitamos\u00a0 a unirse a nosotros no solo evaluando lo que son hoy, sino tambi\u00e9n evaluando su potencial para impulsar el negocio en el futuro. Adem\u00e1s de sus antecedentes acad\u00e9micos y su solidez t\u00e9cnica, tambi\u00e9n valoramos su pasi\u00f3n.<\/p><p>Nuestro objetivo es crear un entorno de trabajo atractivo, productivo y enriquecedor a trav\u00e9s de nuestra cultura corporativa, oportunidades profesionales y pr\u00e1cticas de RR. HH. Tanto si eres un reci\u00e9n graduado como un profesional experimentado, nuestra presencia global y nuestro trabajo pionero en servicios financieros y tecnolog\u00edas de vanguardia que te brindar\u00e1n una carrera gratificante y te ayudar\u00e1n a desarrollar tu potencial.<\/p><p>En EHF, reconocemos que nuestra gente es nuestro activo m\u00e1s importante. Con la combinaci\u00f3n adecuada de habilidades, experiencia y perspicacia, nuestros empleados son la raz\u00f3n m\u00e1s importante de nuestro \u00e9xito.\u00a0<\/p><\/div><\/div><div class=\"elementor-element elementor-element-3a7f341 elementor-widget elementor-widget-spacer\" data-id=\"3a7f341\" data-element_type=\"widget\" data-widget_type=\"spacer.default\"><div class=\"elementor-widget-container\"><div class=\"elementor-spacer\">\u00a0<\/div><\/div><\/div>\t\t\t\t\t\t<\/div>\n\t\t\t\t<\/div>\n\t\t\t\t\t<\/div>\n\t\t<\/div>\n\t\t\t\t\t<\/div>\n\t\t<\/section>\n\t\t\t\t<section class=\"elementor-section elementor-top-section elementor-element elementor-element-mwju6fi elementor-section-content-middle elementor-section-boxed elementor-section-height-default elementor-section-height-default\" data-id=\"mwju6fi\" data-element_type=\"section\" data-settings=\"{&quot;background_background&quot;:&quot;classic&quot;}\">\n\t\t\t\t\t\t\t<div class=\"elementor-background-overlay\"><\/div>\n\t\t\t\t\t\t\t<div class=\"elementor-container elementor-column-gap-default\">\n\t\t\t\t\t<div class=\"elementor-column elementor-col-66 elementor-top-column elementor-element elementor-element-6118036\" data-id=\"6118036\" data-element_type=\"column\">\n\t\t\t<div class=\"elementor-widget-wrap elementor-element-populated\">\n\t\t\t\t\t\t<div class=\"elementor-element elementor-element-ce06405 elementor-widget__width-inherit elementor-widget elementor-widget-image\" data-id=\"ce06405\" data-element_type=\"widget\" data-widget_type=\"image.default\">\n\t\t\t\t<div class=\"elementor-widget-container\">\n\t\t\t<style>\/*! elementor - v3.21.0 - 30-04-2024 *\/\n.elementor-widget-image{text-align:center}.elementor-widget-image a{display:inline-block}.elementor-widget-image a img[src$=\".svg\"]{width:48px}.elementor-widget-image img{vertical-align:middle;display:inline-block}<\/style>\t\t\t\t\t\t\t\t\t\t<img fetchpriority=\"high\" decoding=\"async\" width=\"720\" height=\"720\" src=\"https:\/\/ehfinmobiliariaoutsourcing.com\/wp-content\/uploads\/2024\/09\/asesores.png\" class=\"attachment-1536x1536 size-1536x1536 wp-image-2863\" alt=\"\" srcset=\"https:\/\/ehfinmobiliariaoutsourcing.com\/wp-content\/uploads\/2024\/09\/asesores.png 720w, https:\/\/ehfinmobiliariaoutsourcing.com\/wp-content\/uploads\/2024\/09\/asesores-300x300.png 300w, https:\/\/ehfinmobiliariaoutsourcing.com\/wp-content\/uploads\/2024\/09\/asesores-150x150.png 150w\" sizes=\"(max-width: 720px) 100vw, 720px\" \/>\t\t\t\t\t\t\t\t\t\t\t\t\t<\/div>\n\t\t\t\t<\/div>\n\t\t\t\t\t<\/div>\n\t\t<\/div>\n\t\t\t\t<div class=\"elementor-column elementor-col-33 elementor-top-column elementor-element elementor-element-d58987b\" data-id=\"d58987b\" data-element_type=\"column\" data-settings=\"{&quot;background_background&quot;:&quot;classic&quot;}\">\n\t\t\t<div class=\"elementor-widget-wrap elementor-element-populated\">\n\t\t\t\t\t\t<div class=\"elementor-element elementor-element-14e88f0 elementor-widget elementor-widget-heading\" data-id=\"14e88f0\" data-element_type=\"widget\" data-widget_type=\"heading.default\">\n\t\t\t\t<div class=\"elementor-widget-container\">\n\t\t\t<h3 class=\"elementor-heading-title elementor-size-default\">RECURSOS HUMANOS<\/h3>\t\t<\/div>\n\t\t\t\t<\/div>\n\t\t\t\t<div class=\"elementor-element elementor-element-8d439e9 elementor-widget elementor-widget-shortcode\" data-id=\"8d439e9\" data-element_type=\"widget\" data-widget_type=\"shortcode.default\">\n\t\t\t\t<div class=\"elementor-widget-container\">\n\t\t\t\t\t<div class=\"elementor-shortcode\"><div class=\"wpforms-container \" id=\"wpforms-11\"><form id=\"wpforms-form-11\" class=\"wpforms-validate wpforms-form\" data-formid=\"11\" method=\"post\" enctype=\"multipart\/form-data\" action=\"\/index.php\/wp-json\/wp\/v2\/pages\/7\" data-token=\"691683a3f1bd26be5970a3eabf298f8d\"><noscript class=\"wpforms-error-noscript\">Por favor, activa JavaScript en tu navegador para completar este formulario.<\/noscript><div class=\"wpforms-field-container\"><div id=\"wpforms-11-field_0-container\" class=\"wpforms-field wpforms-field-name\" data-field-id=\"0\"><label class=\"wpforms-field-label wpforms-label-hide\" for=\"wpforms-11-field_0\">Nombre <span class=\"wpforms-required-label\">*<\/span><\/label><input type=\"text\" id=\"wpforms-11-field_0\" class=\"wpforms-field-large wpforms-field-required\" name=\"wpforms[fields][0]\" placeholder=\"Nombre\" required><\/div><div id=\"wpforms-11-field_1-container\" class=\"wpforms-field wpforms-field-email\" data-field-id=\"1\"><label class=\"wpforms-field-label wpforms-label-hide\" for=\"wpforms-11-field_1\">Email <span class=\"wpforms-required-label\">*<\/span><\/label><input type=\"email\" id=\"wpforms-11-field_1\" class=\"wpforms-field-large wpforms-field-required\" name=\"wpforms[fields][1]\" placeholder=\"Email\" required><\/div><div id=\"wpforms-11-field_3-container\" class=\"wpforms-field wpforms-field-text\" data-field-id=\"3\"><label class=\"wpforms-field-label wpforms-label-hide\" for=\"wpforms-11-field_3\">Asunto <span class=\"wpforms-required-label\">*<\/span><\/label><input type=\"text\" id=\"wpforms-11-field_3\" class=\"wpforms-field-large wpforms-field-required\" name=\"wpforms[fields][3]\" placeholder=\"Asunto\" required><\/div><div id=\"wpforms-11-field_2-container\" class=\"wpforms-field wpforms-field-textarea\" data-field-id=\"2\"><label class=\"wpforms-field-label wpforms-label-hide\" for=\"wpforms-11-field_2\">Comentario o mensaje <span class=\"wpforms-required-label\">*<\/span><\/label><textarea id=\"wpforms-11-field_2\" class=\"wpforms-field-medium wpforms-field-required\" name=\"wpforms[fields][2]\" placeholder=\"Mensaje\" required><\/textarea><\/div><\/div><div class=\"wpforms-field wpforms-field-hp\"><label for=\"wpforms-11-field-hp\" class=\"wpforms-field-label\">Name<\/label><input type=\"text\" name=\"wpforms[hp]\" id=\"wpforms-11-field-hp\" class=\"wpforms-field-medium\"><\/div><div class=\"wpforms-submit-container\" ><input type=\"hidden\" name=\"wpforms[id]\" value=\"11\"><input type=\"hidden\" name=\"wpforms[author]\" value=\"2\"><button type=\"submit\" name=\"wpforms[submit]\" class=\"wpforms-submit \" id=\"wpforms-submit-11\" value=\"wpforms-submit\" aria-live=\"assertive\" data-alt-text=\"Enviando ....\" data-submit-text=\"Enviar Mensaje\">Enviar Mensaje<\/button><\/div><\/form><\/div>  <!-- .wpforms-container -->\t<\/div>\n\t\t\t\t<\/div>\n\t\t\t\t<\/div>\n\t\t\t\t\t<\/div>\n\t\t<\/div>\n\t\t\t\t\t<\/div>\n\t\t<\/section>\n\t\t\t\t<\/div>\n\t\t","protected":false},"excerpt":{"rendered":"<p>Carreras Nos alegra que est\u00e9 considerando una carrera en EHF te invitamos\u00a0 a unirse a nosotros no solo evaluando lo que son hoy, sino tambi\u00e9n evaluando su potencial para impulsar el negocio en el futuro. Adem\u00e1s de sus antecedentes acad\u00e9micos y su solidez t\u00e9cnica, tambi\u00e9n valoramos su pasi\u00f3n. Nuestro objetivo es crear un entorno de &hellip;<\/p>\n<p class=\"read-more\"> <a class=\"\" href=\"https:\/\/ehfinmobiliariaoutsourcing.com\/index.php\/contacto\/\"> <span class=\"screen-reader-text\">Carreras<\/span> Leer m\u00e1s &raquo;<\/a><\/p>\n","protected":false},"author":2,"featured_media":0,"parent":0,"menu_order":0,"comment_status":"closed","ping_status":"closed","template":"","meta":{"site-sidebar-layout":"default","site-content-layout":"page-builder","ast-global-header-display":"","ast-main-header-display":"","ast-hfb-above-header-display":"","ast-hfb-below-header-display":"","ast-hfb-mobile-header-display":"","site-post-title":"disabled","ast-breadcrumbs-content":"","ast-featured-img":"disabled","footer-sml-layout":"","theme-transparent-header-meta":"enabled","adv-header-id-meta":"","stick-header-meta":"default","header-above-stick-meta":"","header-main-stick-meta":"","header-below-stick-meta":"","footnotes":""},"class_list":["post-7","page","type-page","status-publish","hentry"],"_links":{"self":[{"href":"https:\/\/ehfinmobiliariaoutsourcing.com\/index.php\/wp-json\/wp\/v2\/pages\/7","targetHints":{"allow":["GET"]}}],"collection":[{"href":"https:\/\/ehfinmobiliariaoutsourcing.com\/index.php\/wp-json\/wp\/v2\/pages"}],"about":[{"href":"https:\/\/ehfinmobiliariaoutsourcing.com\/index.php\/wp-json\/wp\/v2\/types\/page"}],"author":[{"embeddable":true,"href":"https:\/\/ehfinmobiliariaoutsourcing.com\/index.php\/wp-json\/wp\/v2\/users\/2"}],"replies":[{"embeddable":true,"href":"https:\/\/ehfinmobiliariaoutsourcing.com\/index.php\/wp-json\/wp\/v2\/comments?post=7"}],"version-history":[{"count":85,"href":"https:\/\/ehfinmobiliariaoutsourcing.com\/index.php\/wp-json\/wp\/v2\/pages\/7\/revisions"}],"predecessor-version":[{"id":2869,"href":"https:\/\/ehfinmobiliariaoutsourcing.com\/index.php\/wp-json\/wp\/v2\/pages\/7\/revisions\/2869"}],"wp:attachment":[{"href":"https:\/\/ehfinmobiliariaoutsourcing.com\/index.php\/wp-json\/wp\/v2\/media?parent=7"}],"curies":[{"name":"wp","href":"https:\/\/api.w.org\/{rel}","templated":true}]}}